
{"id":40393,"date":"2024-05-03T13:08:29","date_gmt":"2024-05-03T11:08:29","guid":{"rendered":"https:\/\/eu.acaris.net\/produkt\/horse-protector-mobile-subscription\/"},"modified":"2026-02-10T12:05:46","modified_gmt":"2026-02-10T11:05:46","slug":"horse-protector-mobile-subscription","status":"publish","type":"product","link":"https:\/\/eu.acaris.net\/en\/produkt\/horse-protector-mobile-subscription\/","title":{"rendered":"HORSE PROTECTOR Mobile Version Subscription"},"content":{"rendered":"<p>Der HORSE PROTECTOR inkl. alle Premium Funktionen! Freuen Sie sich auf die besten am Markt verf\u00fcgbaren Funktionen um Ihr Pferd immer im Blick zu haben, selbst wenn Sie gerade keine Zeit haben. Mit dem Premium Paket erhalten Sie alle Funktionen f\u00fcr den ambitionierten Pferdebesitzer:<\/p>\n<ol>\n<li>Mobiler Einsatz f\u00fcr Stallzelte und den Turniereinsatz<\/li>\n<li>Der beste Kolik-Alarm am Markt<\/li>\n<li>Zuverl\u00e4ssiger Eindringlingsalarm<\/li>\n<li>Alarmierung per Anruf<\/li>\n<li>Gesundheitsmonitoring Funktion<\/li>\n<li>Live-Stream<\/li>\n<li>Gespeicherte Videos und Bilder der letzten 2 Tage<\/li>\n<li>Premium support (Telefon und Nachrichtensystem)<\/li>\n<li>Live-Gesundheitsberichte und Einsch\u00e4tzungen<\/li>\n<li>Tagesreports f\u00fcr das professionelle Training und Stallmanagement<\/li>\n<li>Professional Dashboard, alle Ihre W\u00e4chter auf einen Blick<\/li>\n<li>Push-Alarme auf mehrere Smartphones gleichzeitig<\/li>\n<\/ol>\n<p>Mindestlaufzeit betr\u00e4gt 24 Monate bei automatischer Verl\u00e4ngerung. Danach k\u00fcndbar 3 Werktage zum Monatsende.<\/p>\n<h2>Lieferumfang<\/h2>\n<p>Jeder HORSE PROTECTOR wird betriebsbereit geliefert:<\/p>\n<ul class=\"package-contents-list\">\n<li>HORSE PROTECTOR Spezialkamera<\/li>\n<li>Elektrostativ mit Transportkoffer f\u00fcr den mobilen Einsatz<\/li>\n<li>Befestigungsmaterial und Kabel f\u00fcr den Akku (Akku nicht im Lieferumfang enthalten)<\/li>\n<li>LAN und WLAN-Funktion<\/li>\n<li>LTE-Modem (SIM Karte nicht im Lieferumfang enthalten)<\/li>\n<li>App-Zugriff<\/li>\n<li>IR-Lichtquelle<\/li>\n<li>Stromversorgung<\/li>\n<li>Montagehalterungen<\/li>\n<li>Installationsanleitung<\/li>\n<li>Boxenschild<\/li>\n<\/ul>\n<p>In der LTE-Variante au\u00dferdem enthalten:<\/p>\n<ul>\n<li>LTE-Router<\/li>\n<li>Kabel und Netzteil f\u00fcr die Stromversorgung des Routers<\/li>\n<\/ul>\n<p>Hinweis: F\u00fcr den LTE-Betrieb ben\u00f6tigen Sie zus\u00e4tzlich eine SIM-Karte mit einem monatlichen Datenvolumen von mindestens 8 GB (nicht im Lieferumfang enthalten).<\/p>\n<p>Selbstverst\u00e4ndlich k\u00f6nnen Sie sich jederzeit bei technischen Problemen an unseren Support wenden \u00fcber das ACARiS Nachrichtensystem in der App und auf der Webseite oder telefonisch (nur bei dem HORSE PROTECTOR Mobile, Premium und Breeder Packet enthalten). Neben kontinuierlichen Updates ist eine zweij\u00e4hrige Gew\u00e4hrleistung inbegriffen (siehe <a href=\"\/de_de\/agb\/\">AGBs<\/a>).<\/p>\n","protected":false},"excerpt":{"rendered":"<p>Der HORSE PROTECTOR inkl. alle Premium Funktionen! Freuen Sie sich auf die besten am Markt verf\u00fcgbaren Funktionen um Ihr Pferd immer im Blick zu haben, selbst wenn Sie gerade keine Zeit haben. Mit dem Premium Paket erhalten Sie alle Funktionen f\u00fcr den ambitionierten Pferdebesitzer: Mobiler Einsatz f\u00fcr Stallzelte und den Turniereinsatz Der beste Kolik-Alarm am [&hellip;]<\/p>\n","protected":false},"featured_media":31312,"template":"","meta":{"_acf_changed":false,"inline_featured_image":false},"product_brand":[],"product_cat":[216],"product_tag":[],"class_list":{"0":"post-40393","1":"product","2":"type-product","3":"status-publish","4":"has-post-thumbnail","6":"product_cat-waechter-abos-en","7":"product_shipping_class-mobile-system-en","9":"first","10":"instock","11":"taxable","12":"shipping-taxable","13":"purchasable","14":"product-type-variable-subscription"},"acf":[],"_links":{"self":[{"href":"https:\/\/eu.acaris.net\/en\/wp-json\/wp\/v2\/product\/40393","targetHints":{"allow":["GET"]}}],"collection":[{"href":"https:\/\/eu.acaris.net\/en\/wp-json\/wp\/v2\/product"}],"about":[{"href":"https:\/\/eu.acaris.net\/en\/wp-json\/wp\/v2\/types\/product"}],"wp:featuredmedia":[{"embeddable":true,"href":"https:\/\/eu.acaris.net\/en\/wp-json\/wp\/v2\/media\/31312"}],"wp:attachment":[{"href":"https:\/\/eu.acaris.net\/en\/wp-json\/wp\/v2\/media?parent=40393"}],"wp:term":[{"taxonomy":"product_brand","embeddable":true,"href":"https:\/\/eu.acaris.net\/en\/wp-json\/wp\/v2\/product_brand?post=40393"},{"taxonomy":"product_cat","embeddable":true,"href":"https:\/\/eu.acaris.net\/en\/wp-json\/wp\/v2\/product_cat?post=40393"},{"taxonomy":"product_tag","embeddable":true,"href":"https:\/\/eu.acaris.net\/en\/wp-json\/wp\/v2\/product_tag?post=40393"}],"curies":[{"name":"wp","href":"https:\/\/api.w.org\/{rel}","templated":true}]}}